{"id":28,"date":"2011-02-21T13:33:43","date_gmt":"2011-02-21T16:33:43","guid":{"rendered":"https:\/\/www.r9competicoes.com.br\/r9\/"},"modified":"2023-08-16T10:26:47","modified_gmt":"2023-08-16T13:26:47","slug":"contato","status":"publish","type":"page","link":"https:\/\/www.r9competicoes.com.br\/r9\/contato\/","title":{"rendered":"Contato"},"content":{"rendered":"<h2>Para entrar em contato com a R9 Competi\u00e7\u00f5es:<\/h2>\n<h3>Clique no link e: <a href=\"mailto:financeiro@r9competicoes.com.br\" target=\"_blank\" rel=\"noopener\">Envie um E-MAIL!<\/a><\/h3>\n<p>&nbsp;<\/p>\n<h4>Mais informa\u00e7\u00f5es, acesse <strong><a href=\"https:\/\/www.google.com\/search?q=r9+servicos+automotivos+eireli&amp;client=firefox-b-e&amp;sca_esv=557451199&amp;ei=_s3cZNqdKv655OUP-b6G6A0&amp;oq=r9+servi%C3%A7os+auto&amp;gs_lp=Egxnd3Mtd2l6LXNlcnAiEXI5IHNlcnZpw6dvcyBhdXRvKgIIADIGEAAYFhgeSKMuUOMTWO0ZcAJ4AJABAJgBpQGgAZoGqgEDMC41uAEByAEA-AEBwgIHEAAYHhiwA-IDBBgBIEGIBgGQBgE&amp;sclient=gws-wiz-serp\" target=\"_blank\" rel=\"noopener\">aqui<\/a><\/strong>!<\/h4>\n<h5>Endere\u00e7o: Av. Sanat\u00f3rio, 1947 &#8211; Jardim Modelo, S\u00e3o Paulo &#8211; SP, 02238-000<\/h5>\n","protected":false},"excerpt":{"rendered":"<p>Para entrar em contato com a R9 Competi\u00e7\u00f5es: Clique no link e: Envie um E-MAIL! &nbsp; Mais informa\u00e7\u00f5es, acesse aqui! Endere\u00e7o: Av. Sanat\u00f3rio, 1947 &#8211; [&hellip;]<\/p>\n","protected":false},"author":2,"featured_media":0,"parent":0,"menu_order":20,"comment_status":"closed","ping_status":"open","template":"","meta":{"ngg_post_thumbnail":0,"footnotes":""},"class_list":["post-28","page","type-page","status-publish","hentry"],"_links":{"self":[{"href":"https:\/\/www.r9competicoes.com.br\/r9\/wp-json\/wp\/v2\/pages\/28","targetHints":{"allow":["GET"]}}],"collection":[{"href":"https:\/\/www.r9competicoes.com.br\/r9\/wp-json\/wp\/v2\/pages"}],"about":[{"href":"https:\/\/www.r9competicoes.com.br\/r9\/wp-json\/wp\/v2\/types\/page"}],"author":[{"embeddable":true,"href":"https:\/\/www.r9competicoes.com.br\/r9\/wp-json\/wp\/v2\/users\/2"}],"replies":[{"embeddable":true,"href":"https:\/\/www.r9competicoes.com.br\/r9\/wp-json\/wp\/v2\/comments?post=28"}],"version-history":[{"count":4,"href":"https:\/\/www.r9competicoes.com.br\/r9\/wp-json\/wp\/v2\/pages\/28\/revisions"}],"predecessor-version":[{"id":6220,"href":"https:\/\/www.r9competicoes.com.br\/r9\/wp-json\/wp\/v2\/pages\/28\/revisions\/6220"}],"wp:attachment":[{"href":"https:\/\/www.r9competicoes.com.br\/r9\/wp-json\/wp\/v2\/media?parent=28"}],"curies":[{"name":"wp","href":"https:\/\/api.w.org\/{rel}","templated":true}]}}